{"id":1213,"date":"2019-05-14T15:17:30","date_gmt":"2019-05-14T15:17:30","guid":{"rendered":"http:\/\/foerderverein-dorfschule.de\/2019\/?page_id=1213"},"modified":"2019-05-14T15:17:30","modified_gmt":"2019-05-14T15:17:30","slug":"impressum","status":"publish","type":"page","link":"http:\/\/foerderverein-dorfschule.de\/2019\/?page_id=1213","title":{"rendered":"Impressum"},"content":{"rendered":"<h3>Impressum<\/h3>\n<p>F\u00f6rderverein Dorfschule Hiesfeld e.V.<\/p>\n<p>Fichtenstra\u00dfe 65<br \/>\n46539 Dinslaken<\/p>\n<p>Telefon:02064 \/ 90423 (Schulsekreteriat)<br \/>\nFax:02064 \/ 825978 (Schulsekreteriat)<\/p>\n<p>email: kontakt@foerderverein-dorfschule.de<br \/>\nInternet: www.foerderverein-dorfschule.de<\/p>\n<p><strong>Kontoverbindung<\/strong><br \/>\nIBAN: DE51 3526 1248 0305 2010 14<br \/>\nBIC: GENODED1DLK<\/p>\n<p>Volksbank Dinslaken eG<\/p>\n<p><strong>Nutzungsbedingungen:<\/strong><br \/>\nF\u00fcr dem Zugriff auf die World Wide Web Seiten von &#8222;www.foerderverein-dorfschule.de&#8220; gelten nachstehende Nutzungsbedingungen. Nutzern, welche diese Bedingungen nicht im vollen Umfang anerkennen, ist der Zugriff untersagt.<\/p>\n<p>Die auf diesen Seiten enthaltenen Daten d\u00fcrfen ohne vorherige schriftliche Genehmigung durch den Betreiber &#8222;F\u00f6rderverein Dorfschule Hiesfeld e.V.&#8220;, in keiner Form weder ganz noch teilweise vervielf\u00e4ltigt, weitergegeben, verbreitet oder gespeichert werden. Die verwendeten Grafiken, Abbildungen und Fotografien sind Eigentum des &#8222;F\u00f6rderverein Dorfschule Hiesfeld e.V.&#8220; oder des jeweiligen genannten Inhabers.<\/p>\n<p>Der &#8222;F\u00f6rderverein Dorfschule Hiesfeld e.V.&#8220; \u00fcbernimmt weder ausdr\u00fccklich noch stillschweigend eine Gew\u00e4hrleistung f\u00fcr die Richtigkeit oder Vollst\u00e4ndigkeit des Inhalts der World Wide Web-Seiten von &#8222;www.foerderverein-dorfschule.de&#8220;, es sei denn, anwendbare Gesetze schreiben zwingend eine Haftung vor.<\/p>\n<p>Wichtiger Hinweis zu allen externen Links :<\/p>\n<p>Mit Urteil vom 12. Mai 1998 &#8211; 312 O85\/98 &#8211; &#8222;Haftung f\u00fcr Links&#8220; hat das Landgericht Hamburg entschieden, da\u00df man durch die Anbringung eines Links die Inhalte der gelinkten Seite ggf. mit zu verantworten hat. Dies kann nur dadurch verhindert werden, dass man sich ausdr\u00fccklich von diesen Inhalten distanziert.<\/p>\n<p>Hiermit distanzieren wir uns ausdr\u00fccklich von allen Inhalten aller gelinkten Seiten auf dieser Homepage und machen uns diese Inhalte nicht zu eigen. Diese Erkl\u00e4rung gilt f\u00fcr alle auf dieser Homepage angebrachten externen Links.<\/p>\n<p>&nbsp;<\/p>\n","protected":false},"excerpt":{"rendered":"<p>Impressum F\u00f6rderverein Dorfschule Hiesfeld e.V. Fichtenstra\u00dfe 65 46539 Dinslaken Telefon:02064 \/ 90423 (Schulsekreteriat) Fax:02064 \/ 825978 (Schulsekreteriat) email: kontakt@foerderverein-dorfschule.de Internet: www.foerderverein-dorfschule.de Kontoverbindung IBAN: DE51 3526 1248 0305 2010 14 BIC: GENODED1DLK Volksbank Dinslaken eG Nutzungsbedingungen: F\u00fcr dem Zugriff auf die World Wide Web Seiten von &#8222;www.foerderverein-dorfschule.de&#8220; gelten nachstehende Nutzungsbedingungen. Nutzern, welche diese Bedingungen nicht im [&hellip;]<\/p>\n","protected":false},"author":1,"featured_media":0,"parent":0,"menu_order":0,"comment_status":"closed","ping_status":"closed","template":"","meta":{"footnotes":""},"class_list":["post-1213","page","type-page","status-publish","hentry"],"_links":{"self":[{"href":"http:\/\/foerderverein-dorfschule.de\/2019\/index.php?rest_route=\/wp\/v2\/pages\/1213"}],"collection":[{"href":"http:\/\/foerderverein-dorfschule.de\/2019\/index.php?rest_route=\/wp\/v2\/pages"}],"about":[{"href":"http:\/\/foerderverein-dorfschule.de\/2019\/index.php?rest_route=\/wp\/v2\/types\/page"}],"author":[{"embeddable":true,"href":"http:\/\/foerderverein-dorfschule.de\/2019\/index.php?rest_route=\/wp\/v2\/users\/1"}],"replies":[{"embeddable":true,"href":"http:\/\/foerderverein-dorfschule.de\/2019\/index.php?rest_route=%2Fwp%2Fv2%2Fcomments&post=1213"}],"version-history":[{"count":1,"href":"http:\/\/foerderverein-dorfschule.de\/2019\/index.php?rest_route=\/wp\/v2\/pages\/1213\/revisions"}],"predecessor-version":[{"id":1214,"href":"http:\/\/foerderverein-dorfschule.de\/2019\/index.php?rest_route=\/wp\/v2\/pages\/1213\/revisions\/1214"}],"wp:attachment":[{"href":"http:\/\/foerderverein-dorfschule.de\/2019\/index.php?rest_route=%2Fwp%2Fv2%2Fmedia&parent=1213"}],"curies":[{"name":"wp","href":"https:\/\/api.w.org\/{rel}","templated":true}]}}