{"id":12,"date":"2015-02-20T20:12:25","date_gmt":"2015-02-20T20:12:25","guid":{"rendered":"http:\/\/avada.theme-fusion.com_demos\/law\/?page_id=12"},"modified":"2019-05-14T21:39:28","modified_gmt":"2019-05-14T21:39:28","slug":"what-we-do","status":"publish","type":"page","link":"http:\/\/foerderverein-dorfschule.de\/2019\/?page_id=12","title":{"rendered":"Was wir tun"},"content":{"rendered":"<p><div class=\"fusion-fullwidth fullwidth-box fusion-builder-row-1 nonhundred-percent-fullwidth non-hundred-percent-height-scrolling\"  style='background-color: #f5f5f5;background-position: left top;background-repeat: no-repeat;padding-top:110px;padding-right:0px;padding-bottom:90px;padding-left:0px;border-top-width:0px;border-bottom-width:0px;border-color:#eae9e9;border-top-style:solid;border-bottom-style:solid;'><div class=\"fusion-builder-row fusion-row \"><div  class=\"fusion-layout-column fusion_builder_column fusion_builder_column_1_1 fusion-builder-column-1 fusion-one-full fusion-column-first fusion-column-last fusion-column-no-min-height 1_1\"  style='margin-top:0px;margin-bottom:0px;'>\n\t\t\t\t\t<div class=\"fusion-column-wrapper\" style=\"padding: 0px 0px 0px 0px;background-position:left top;background-repeat:no-repeat;-webkit-background-size:cover;-moz-background-size:cover;-o-background-size:cover;background-size:cover;\"   data-bg-url=\"\">\n\t\t\t\t\t\t<div class=\"fusion-sep-clear\"><\/div><div class=\"fusion-separator fusion-full-width-sep sep-single sep-solid\" style=\"border-color:#55a098;border-top-width:5px;margin-left: auto;margin-right: auto;margin-top:;\"><\/div><div class=\"fusion-clearfix\"><\/div>\n\n\t\t\t\t\t<\/div>\n\t\t\t\t<\/div><div  class=\"fusion-layout-column fusion_builder_column fusion_builder_column_1_1 fusion-builder-column-2 fusion-one-full fusion-column-first fusion-column-last green-border rounded-border 1_1\"  style='margin-top:0px;margin-bottom:20px;'>\n\t\t\t\t\t<div class=\"fusion-column-wrapper\" style=\"background-color:#ffffff;border:1px solid #e2e2e2;padding: 60px 60px 50px 60px;background-position:left top;background-repeat:no-repeat;-webkit-background-size:cover;-moz-background-size:cover;-o-background-size:cover;background-size:cover;\"   data-bg-url=\"\">\n\t\t\t\t\t\t<div class=\"fusion-text\"><h3 style=\"text-align: left;\"><img loading=\"lazy\" decoding=\"async\" class=\"wp-image-1162 alignleft\" src=\"http:\/\/foerderverein-dorfschule.de\/2019\/wp-content\/uploads\/2019\/05\/kids-jubel-1200x767.jpg\" alt=\"\" width=\"371\" height=\"238\" srcset=\"http:\/\/foerderverein-dorfschule.de\/2019\/wp-content\/uploads\/2019\/05\/kids-jubel-200x128.jpg 200w, http:\/\/foerderverein-dorfschule.de\/2019\/wp-content\/uploads\/2019\/05\/kids-jubel-300x192.jpg 300w, http:\/\/foerderverein-dorfschule.de\/2019\/wp-content\/uploads\/2019\/05\/kids-jubel-400x256.jpg 400w, http:\/\/foerderverein-dorfschule.de\/2019\/wp-content\/uploads\/2019\/05\/kids-jubel-460x295.jpg 460w, http:\/\/foerderverein-dorfschule.de\/2019\/wp-content\/uploads\/2019\/05\/kids-jubel-600x383.jpg 600w, http:\/\/foerderverein-dorfschule.de\/2019\/wp-content\/uploads\/2019\/05\/kids-jubel-768x491.jpg 768w, http:\/\/foerderverein-dorfschule.de\/2019\/wp-content\/uploads\/2019\/05\/kids-jubel-800x511.jpg 800w, http:\/\/foerderverein-dorfschule.de\/2019\/wp-content\/uploads\/2019\/05\/kids-jubel-1024x654.jpg 1024w, http:\/\/foerderverein-dorfschule.de\/2019\/wp-content\/uploads\/2019\/05\/kids-jubel-1200x767.jpg 1200w, http:\/\/foerderverein-dorfschule.de\/2019\/wp-content\/uploads\/2019\/05\/kids-jubel.jpg 1487w\" sizes=\"(max-width: 371px) 100vw, 371px\" \/>\u00dcber 25 Jahre F\u00f6rderverein<\/h3>\n<p style=\"text-align: left;\">Schon seit \u00fcber 25 Jahren unterst\u00fctzen wir aktiv die GGS Dorfschule Hiesfeld und deren Kinder.<\/p>\n<p style=\"text-align: left;\">Wir sind gemeinn\u00fctzig f\u00fcr die Schule t\u00e4tig und springen u.a. dort ein, wo der Tr\u00e4ger alleine keine Geldmittel zur Verf\u00fcgung hat.<\/p>\n<p style=\"text-align: left;\">In enger Absprache mit den Lehrern werden neue Investitionen, Aktionen und Projekte realisiert und unterst\u00fctzt.<\/p>\n<\/div><div class=\"fusion-clearfix\"><\/div>\n\n\t\t\t\t\t<\/div>\n\t\t\t\t<\/div><\/div><\/div><div class=\"fusion-fullwidth fullwidth-box fusion-builder-row-2 nonhundred-percent-fullwidth non-hundred-percent-height-scrolling\"  style='background-color: rgba(255,255,255,0.5);background-position: left top;background-repeat: repeat;padding-top:130px;padding-right:0px;padding-bottom:0px;padding-left:0px;border-top-width:0px;border-bottom-width:0px;border-color:#eae9e9;border-top-style:solid;border-bottom-style:solid;'><div class=\"fusion-builder-row fusion-row \"><div  class=\"fusion-layout-column fusion_builder_column fusion_builder_column_1_1 fusion-builder-column-3 fusion-one-full fusion-column-first fusion-column-last fusion-column-no-min-height 1_1\"  style='margin-top:0px;margin-bottom:0px;'>\n\t\t\t\t\t<div class=\"fusion-column-wrapper\" style=\"padding: 0px 0px 0px 0px;background-position:left top;background-repeat:no-repeat;-webkit-background-size:cover;-moz-background-size:cover;-o-background-size:cover;background-size:cover;\"   data-bg-url=\"\">\n\t\t\t\t\t\t<div class=\"fusion-text\"><h2 style=\"text-align: center;\"><span style=\"color: #354f9b;\">Anschaffungen \/ Aktionen<\/span><\/h2>\n<p style=\"text-align: center;\">Hier sind einige Beispiele der Anschaffungen des F\u00f6rdervereins.<br \/>\nDie Kinder der Dorfschule danken an dieser Stelle allen Eltern,\u00a0 die mit ihren gro\u00dfen und kleinen Mitgliedsbeitr\u00e4gen bzw. Spenden geholfen haben.<\/p>\n<\/div><div class=\"fusion-clearfix\"><\/div>\n\n\t\t\t\t\t<\/div>\n\t\t\t\t<\/div><\/div><\/div><div class=\"fusion-fullwidth fullwidth-box fusion-builder-row-3 nonhundred-percent-fullwidth non-hundred-percent-height-scrolling fusion-equal-height-columns\"  style='background-color: rgba(255,255,255,0.5);background-position: left top;background-repeat: repeat;padding-top:0px;padding-right:0px;padding-bottom:130px;padding-left:0px;border-top-width:0px;border-bottom-width:0px;border-color:#eae9e9;border-top-style:solid;border-bottom-style:solid;'><div class=\"fusion-builder-row fusion-row \"><div  class=\"fusion-layout-column fusion_builder_column fusion_builder_column_1_3 fusion-builder-column-4 fusion-one-third fusion-column-first rounded-border 1_3\"  style='margin-top:0px;margin-bottom:20px;width:30.6666%; margin-right: 4%;'>\n\t\t\t\t\t<div class=\"fusion-column-wrapper\" style=\"background-color:#edecec;border:0px solid transparent;padding: 25px 25px 5px 25px;background-position:left top;background-repeat:no-repeat;-webkit-background-size:cover;-moz-background-size:cover;-o-background-size:cover;background-size:cover;\"   data-bg-url=\"\">\n\t\t\t\t\t\t<div class=\"fusion-text\"><p><span style=\"line-height: 60px;\"><img loading=\"lazy\" decoding=\"async\" class=\"alignnone wp-image-1173 aligncenter\" src=\"http:\/\/foerderverein-dorfschule.de\/2019\/wp-content\/uploads\/2019\/05\/buehne.jpg\" alt=\"\" width=\"239\" height=\"200\" srcset=\"http:\/\/foerderverein-dorfschule.de\/2019\/wp-content\/uploads\/2019\/05\/buehne-200x167.jpg 200w, http:\/\/foerderverein-dorfschule.de\/2019\/wp-content\/uploads\/2019\/05\/buehne-300x250.jpg 300w, http:\/\/foerderverein-dorfschule.de\/2019\/wp-content\/uploads\/2019\/05\/buehne-400x333.jpg 400w, http:\/\/foerderverein-dorfschule.de\/2019\/wp-content\/uploads\/2019\/05\/buehne.jpg 600w\" sizes=\"(max-width: 239px) 100vw, 239px\" \/><\/span><\/p>\n<p style=\"text-align: center;\"><strong>B\u00fchne<\/strong><\/p>\n<\/div><div class=\"fusion-clearfix\"><\/div>\n\n\t\t\t\t\t<\/div>\n\t\t\t\t<\/div><div  class=\"fusion-layout-column fusion_builder_column fusion_builder_column_1_3 fusion-builder-column-5 fusion-one-third rounded-border 1_3\"  style='margin-top:0px;margin-bottom:20px;width:30.6666%; margin-right: 4%;'>\n\t\t\t\t\t<div class=\"fusion-column-wrapper\" style=\"background-color:#edecec;border:0px solid transparent;padding: 25px 25px 5px 25px;background-position:left top;background-repeat:no-repeat;-webkit-background-size:cover;-moz-background-size:cover;-o-background-size:cover;background-size:cover;\"   data-bg-url=\"\">\n\t\t\t\t\t\t<div class=\"fusion-text\"><p style=\"text-align: center;\"><img loading=\"lazy\" decoding=\"async\" class=\"alignnone wp-image-1174\" src=\"http:\/\/foerderverein-dorfschule.de\/2019\/wp-content\/uploads\/2019\/05\/buehnenstrahler.jpg\" alt=\"\" width=\"240\" height=\"200\" srcset=\"http:\/\/foerderverein-dorfschule.de\/2019\/wp-content\/uploads\/2019\/05\/buehnenstrahler-200x167.jpg 200w, http:\/\/foerderverein-dorfschule.de\/2019\/wp-content\/uploads\/2019\/05\/buehnenstrahler-300x250.jpg 300w, http:\/\/foerderverein-dorfschule.de\/2019\/wp-content\/uploads\/2019\/05\/buehnenstrahler-400x333.jpg 400w, http:\/\/foerderverein-dorfschule.de\/2019\/wp-content\/uploads\/2019\/05\/buehnenstrahler.jpg 600w\" sizes=\"(max-width: 240px) 100vw, 240px\" \/><\/p>\n<p style=\"text-align: center;\"><strong>B\u00fchnenstrahler<\/strong><\/p>\n<\/div><div class=\"fusion-clearfix\"><\/div>\n\n\t\t\t\t\t<\/div>\n\t\t\t\t<\/div><div  class=\"fusion-layout-column fusion_builder_column fusion_builder_column_1_3 fusion-builder-column-6 fusion-one-third fusion-column-last rounded-border 1_3\"  style='margin-top:0px;margin-bottom:20px;width:30.6666%'>\n\t\t\t\t\t<div class=\"fusion-column-wrapper\" style=\"background-color:#edecec;border:0px solid transparent;padding: 25px 25px 5px 25px;background-position:left top;background-repeat:no-repeat;-webkit-background-size:cover;-moz-background-size:cover;-o-background-size:cover;background-size:cover;\"   data-bg-url=\"\">\n\t\t\t\t\t\t<div class=\"fusion-text\"><p><img loading=\"lazy\" decoding=\"async\" class=\"alignnone wp-image-1175 aligncenter\" src=\"http:\/\/foerderverein-dorfschule.de\/2019\/wp-content\/uploads\/2019\/05\/computerraum.jpg\" alt=\"\" width=\"301\" height=\"200\" srcset=\"http:\/\/foerderverein-dorfschule.de\/2019\/wp-content\/uploads\/2019\/05\/computerraum-200x133.jpg 200w, http:\/\/foerderverein-dorfschule.de\/2019\/wp-content\/uploads\/2019\/05\/computerraum-300x199.jpg 300w, http:\/\/foerderverein-dorfschule.de\/2019\/wp-content\/uploads\/2019\/05\/computerraum-400x266.jpg 400w, http:\/\/foerderverein-dorfschule.de\/2019\/wp-content\/uploads\/2019\/05\/computerraum.jpg 500w\" sizes=\"(max-width: 301px) 100vw, 301px\" \/><\/p>\n<p style=\"text-align: center;\"><strong>Computerraum<\/strong><\/p>\n<\/div><div class=\"fusion-clearfix\"><\/div>\n\n\t\t\t\t\t<\/div>\n\t\t\t\t<\/div><div  class=\"fusion-layout-column fusion_builder_column fusion_builder_column_1_3 fusion-builder-column-7 fusion-one-third fusion-column-first 1_3\"  style='margin-top:0px;margin-bottom:20px;width:30.6666%; margin-right: 4%;'>\n\t\t\t\t\t<div class=\"fusion-column-wrapper\" style=\"background-color:#edecec;border:0px solid transparent;padding: 25px 25px 5px 25px;background-position:left top;background-repeat:no-repeat;-webkit-background-size:cover;-moz-background-size:cover;-o-background-size:cover;background-size:cover;\"   data-bg-url=\"\">\n\t\t\t\t\t\t<div class=\"fusion-text\"><p><img loading=\"lazy\" decoding=\"async\" class=\"alignnone wp-image-1176 aligncenter\" src=\"http:\/\/foerderverein-dorfschule.de\/2019\/wp-content\/uploads\/2019\/05\/einzeltoene.jpg\" alt=\"\" width=\"240\" height=\"200\" srcset=\"http:\/\/foerderverein-dorfschule.de\/2019\/wp-content\/uploads\/2019\/05\/einzeltoene-200x167.jpg 200w, http:\/\/foerderverein-dorfschule.de\/2019\/wp-content\/uploads\/2019\/05\/einzeltoene-300x250.jpg 300w, http:\/\/foerderverein-dorfschule.de\/2019\/wp-content\/uploads\/2019\/05\/einzeltoene-400x333.jpg 400w, http:\/\/foerderverein-dorfschule.de\/2019\/wp-content\/uploads\/2019\/05\/einzeltoene.jpg 600w\" sizes=\"(max-width: 240px) 100vw, 240px\" \/><\/p>\n<p style=\"text-align: center;\"><strong>Einzelt\u00f6ne<\/strong><\/p>\n<\/div><div class=\"fusion-clearfix\"><\/div>\n\n\t\t\t\t\t<\/div>\n\t\t\t\t<\/div><div  class=\"fusion-layout-column fusion_builder_column fusion_builder_column_1_3 fusion-builder-column-8 fusion-one-third 1_3\"  style='margin-top:0px;margin-bottom:20px;width:30.6666%; margin-right: 4%;'>\n\t\t\t\t\t<div class=\"fusion-column-wrapper\" style=\"background-color:#edecec;border:0px solid transparent;padding: 25px 25px 5px 25px;background-position:left top;background-repeat:no-repeat;-webkit-background-size:cover;-moz-background-size:cover;-o-background-size:cover;background-size:cover;\"   data-bg-url=\"\">\n\t\t\t\t\t\t<div class=\"fusion-text\"><p><img loading=\"lazy\" decoding=\"async\" class=\"alignnone wp-image-1177 aligncenter\" src=\"http:\/\/foerderverein-dorfschule.de\/2019\/wp-content\/uploads\/2019\/05\/grosses-mischpult.jpg\" alt=\"\" width=\"240\" height=\"200\" srcset=\"http:\/\/foerderverein-dorfschule.de\/2019\/wp-content\/uploads\/2019\/05\/grosses-mischpult-200x167.jpg 200w, http:\/\/foerderverein-dorfschule.de\/2019\/wp-content\/uploads\/2019\/05\/grosses-mischpult-300x250.jpg 300w, http:\/\/foerderverein-dorfschule.de\/2019\/wp-content\/uploads\/2019\/05\/grosses-mischpult-400x333.jpg 400w, http:\/\/foerderverein-dorfschule.de\/2019\/wp-content\/uploads\/2019\/05\/grosses-mischpult.jpg 600w\" sizes=\"(max-width: 240px) 100vw, 240px\" \/><\/p>\n<p style=\"text-align: center;\"><strong>Gro\u00dfes Mischpult<\/strong><\/p>\n<\/div><div class=\"fusion-clearfix\"><\/div>\n\n\t\t\t\t\t<\/div>\n\t\t\t\t<\/div><div  class=\"fusion-layout-column fusion_builder_column fusion_builder_column_1_3 fusion-builder-column-9 fusion-one-third fusion-column-last 1_3\"  style='margin-top:0px;margin-bottom:20px;width:30.6666%'>\n\t\t\t\t\t<div class=\"fusion-column-wrapper\" style=\"background-color:#edecec;border:0px solid transparent;padding: 25px 25px 5px 25px;background-position:left top;background-repeat:no-repeat;-webkit-background-size:cover;-moz-background-size:cover;-o-background-size:cover;background-size:cover;\"   data-bg-url=\"\">\n\t\t\t\t\t\t<div class=\"fusion-text\"><p><img loading=\"lazy\" decoding=\"async\" class=\"alignnone wp-image-1178 aligncenter\" src=\"http:\/\/foerderverein-dorfschule.de\/2019\/wp-content\/uploads\/2019\/05\/kleines-mischpult.jpg\" alt=\"\" width=\"166\" height=\"200\" srcset=\"http:\/\/foerderverein-dorfschule.de\/2019\/wp-content\/uploads\/2019\/05\/kleines-mischpult-200x240.jpg 200w, http:\/\/foerderverein-dorfschule.de\/2019\/wp-content\/uploads\/2019\/05\/kleines-mischpult-250x300.jpg 250w, http:\/\/foerderverein-dorfschule.de\/2019\/wp-content\/uploads\/2019\/05\/kleines-mischpult-400x481.jpg 400w, http:\/\/foerderverein-dorfschule.de\/2019\/wp-content\/uploads\/2019\/05\/kleines-mischpult.jpg 500w\" sizes=\"(max-width: 166px) 100vw, 166px\" \/><\/p>\n<p style=\"text-align: center;\"><strong>Kleines Mischpult<\/strong><\/p>\n<\/div><div class=\"fusion-clearfix\"><\/div>\n\n\t\t\t\t\t<\/div>\n\t\t\t\t<\/div><div  class=\"fusion-layout-column fusion_builder_column fusion_builder_column_1_3 fusion-builder-column-10 fusion-one-third fusion-column-first 1_3\"  style='margin-top:0px;margin-bottom:20px;width:30.6666%; margin-right: 4%;'>\n\t\t\t\t\t<div class=\"fusion-column-wrapper\" style=\"background-color:#edecec;border:0px solid transparent;padding: 25px 25px 5px 25px;background-position:left top;background-repeat:no-repeat;-webkit-background-size:cover;-moz-background-size:cover;-o-background-size:cover;background-size:cover;\"   data-bg-url=\"\">\n\t\t\t\t\t\t<div class=\"fusion-text\"><p><img loading=\"lazy\" decoding=\"async\" class=\"alignnone wp-image-1179 aligncenter\" src=\"http:\/\/foerderverein-dorfschule.de\/2019\/wp-content\/uploads\/2019\/05\/rutsche.jpg\" alt=\"\" width=\"301\" height=\"200\" srcset=\"http:\/\/foerderverein-dorfschule.de\/2019\/wp-content\/uploads\/2019\/05\/rutsche-200x133.jpg 200w, http:\/\/foerderverein-dorfschule.de\/2019\/wp-content\/uploads\/2019\/05\/rutsche-300x199.jpg 300w, http:\/\/foerderverein-dorfschule.de\/2019\/wp-content\/uploads\/2019\/05\/rutsche-400x266.jpg 400w, http:\/\/foerderverein-dorfschule.de\/2019\/wp-content\/uploads\/2019\/05\/rutsche.jpg 500w\" sizes=\"(max-width: 301px) 100vw, 301px\" \/><\/p>\n<p style=\"text-align: center;\"><strong>Rutsche<\/strong><\/p>\n<\/div><div class=\"fusion-clearfix\"><\/div>\n\n\t\t\t\t\t<\/div>\n\t\t\t\t<\/div><div  class=\"fusion-layout-column fusion_builder_column fusion_builder_column_1_3 fusion-builder-column-11 fusion-one-third 1_3\"  style='margin-top:0px;margin-bottom:20px;width:30.6666%; margin-right: 4%;'>\n\t\t\t\t\t<div class=\"fusion-column-wrapper\" style=\"background-color:#edecec;border:0px solid transparent;padding: 25px 25px 5px 25px;background-position:left top;background-repeat:no-repeat;-webkit-background-size:cover;-moz-background-size:cover;-o-background-size:cover;background-size:cover;\"   data-bg-url=\"\">\n\t\t\t\t\t\t<div class=\"fusion-text\"><p><img loading=\"lazy\" decoding=\"async\" class=\"alignnone wp-image-1180 aligncenter\" src=\"http:\/\/foerderverein-dorfschule.de\/2019\/wp-content\/uploads\/2019\/05\/schulbuecher.jpg\" alt=\"\" width=\"240\" height=\"200\" srcset=\"http:\/\/foerderverein-dorfschule.de\/2019\/wp-content\/uploads\/2019\/05\/schulbuecher-200x167.jpg 200w, http:\/\/foerderverein-dorfschule.de\/2019\/wp-content\/uploads\/2019\/05\/schulbuecher-300x250.jpg 300w, http:\/\/foerderverein-dorfschule.de\/2019\/wp-content\/uploads\/2019\/05\/schulbuecher-400x333.jpg 400w, http:\/\/foerderverein-dorfschule.de\/2019\/wp-content\/uploads\/2019\/05\/schulbuecher.jpg 600w\" sizes=\"(max-width: 240px) 100vw, 240px\" \/><\/p>\n<p style=\"text-align: center;\"><strong>Schulb\u00fccher<\/strong><\/p>\n<\/div><div class=\"fusion-clearfix\"><\/div>\n\n\t\t\t\t\t<\/div>\n\t\t\t\t<\/div><div  class=\"fusion-layout-column fusion_builder_column fusion_builder_column_1_3 fusion-builder-column-12 fusion-one-third fusion-column-last 1_3\"  style='margin-top:0px;margin-bottom:20px;width:30.6666%'>\n\t\t\t\t\t<div class=\"fusion-column-wrapper\" style=\"background-color:#edecec;border:0px solid transparent;padding: 25px 25px 5px 25px;background-position:left top;background-repeat:no-repeat;-webkit-background-size:cover;-moz-background-size:cover;-o-background-size:cover;background-size:cover;\"   data-bg-url=\"\">\n\t\t\t\t\t\t<div class=\"fusion-text\"><p><img loading=\"lazy\" decoding=\"async\" class=\"alignnone wp-image-1181 aligncenter\" src=\"http:\/\/foerderverein-dorfschule.de\/2019\/wp-content\/uploads\/2019\/05\/sitzbank.jpg\" alt=\"\" width=\"301\" height=\"200\" srcset=\"http:\/\/foerderverein-dorfschule.de\/2019\/wp-content\/uploads\/2019\/05\/sitzbank-200x133.jpg 200w, http:\/\/foerderverein-dorfschule.de\/2019\/wp-content\/uploads\/2019\/05\/sitzbank-300x199.jpg 300w, http:\/\/foerderverein-dorfschule.de\/2019\/wp-content\/uploads\/2019\/05\/sitzbank-400x266.jpg 400w, http:\/\/foerderverein-dorfschule.de\/2019\/wp-content\/uploads\/2019\/05\/sitzbank.jpg 500w\" sizes=\"(max-width: 301px) 100vw, 301px\" \/><\/p>\n<p style=\"text-align: center;\"><strong>Sitzbank<\/strong><\/p>\n<\/div><div class=\"fusion-clearfix\"><\/div>\n\n\t\t\t\t\t<\/div>\n\t\t\t\t<\/div><div  class=\"fusion-layout-column fusion_builder_column fusion_builder_column_1_3 fusion-builder-column-13 fusion-one-third fusion-column-first 1_3\"  style='margin-top:0px;margin-bottom:20px;width:30.6666%; margin-right: 4%;'>\n\t\t\t\t\t<div class=\"fusion-column-wrapper\" style=\"background-color:#edecec;border:0px solid transparent;padding: 25px 25px 5px 25px;background-position:left top;background-repeat:no-repeat;-webkit-background-size:cover;-moz-background-size:cover;-o-background-size:cover;background-size:cover;\"   data-bg-url=\"\">\n\t\t\t\t\t\t<div class=\"fusion-text\"><p><img loading=\"lazy\" decoding=\"async\" class=\"alignnone wp-image-1182 aligncenter\" src=\"http:\/\/foerderverein-dorfschule.de\/2019\/wp-content\/uploads\/2019\/05\/spielekisten.jpg\" alt=\"\" width=\"240\" height=\"200\" srcset=\"http:\/\/foerderverein-dorfschule.de\/2019\/wp-content\/uploads\/2019\/05\/spielekisten-200x167.jpg 200w, http:\/\/foerderverein-dorfschule.de\/2019\/wp-content\/uploads\/2019\/05\/spielekisten-300x250.jpg 300w, http:\/\/foerderverein-dorfschule.de\/2019\/wp-content\/uploads\/2019\/05\/spielekisten-400x333.jpg 400w, http:\/\/foerderverein-dorfschule.de\/2019\/wp-content\/uploads\/2019\/05\/spielekisten.jpg 600w\" sizes=\"(max-width: 240px) 100vw, 240px\" \/><\/p>\n<p style=\"text-align: center;\"><strong>Spielekisten<\/strong><\/p>\n<\/div><div class=\"fusion-clearfix\"><\/div>\n\n\t\t\t\t\t<\/div>\n\t\t\t\t<\/div><div  class=\"fusion-layout-column fusion_builder_column fusion_builder_column_1_3 fusion-builder-column-14 fusion-one-third 1_3\"  style='margin-top:0px;margin-bottom:20px;width:30.6666%; margin-right: 4%;'>\n\t\t\t\t\t<div class=\"fusion-column-wrapper\" style=\"background-color:#edecec;border:0px solid transparent;padding: 25px 25px 5px 25px;background-position:left top;background-repeat:no-repeat;-webkit-background-size:cover;-moz-background-size:cover;-o-background-size:cover;background-size:cover;\"   data-bg-url=\"\">\n\t\t\t\t\t\t<div class=\"fusion-text\"><p><img loading=\"lazy\" decoding=\"async\" class=\"alignnone wp-image-1183 aligncenter\" src=\"http:\/\/foerderverein-dorfschule.de\/2019\/wp-content\/uploads\/2019\/05\/werkzeug2.jpg\" alt=\"\" width=\"329\" height=\"200\" srcset=\"http:\/\/foerderverein-dorfschule.de\/2019\/wp-content\/uploads\/2019\/05\/werkzeug2-200x122.jpg 200w, http:\/\/foerderverein-dorfschule.de\/2019\/wp-content\/uploads\/2019\/05\/werkzeug2-300x182.jpg 300w, http:\/\/foerderverein-dorfschule.de\/2019\/wp-content\/uploads\/2019\/05\/werkzeug2-400x243.jpg 400w, http:\/\/foerderverein-dorfschule.de\/2019\/wp-content\/uploads\/2019\/05\/werkzeug2.jpg 500w\" sizes=\"(max-width: 329px) 100vw, 329px\" \/><\/p>\n<p style=\"text-align: center;\"><strong>Werkzeug<\/strong><\/p>\n<\/div><div class=\"fusion-clearfix\"><\/div>\n\n\t\t\t\t\t<\/div>\n\t\t\t\t<\/div><div  class=\"fusion-layout-column fusion_builder_column fusion_builder_column_1_3 fusion-builder-column-15 fusion-one-third fusion-column-last 1_3\"  style='margin-top:0px;margin-bottom:20px;width:30.6666%'>\n\t\t\t\t\t<div class=\"fusion-column-wrapper\" style=\"background-color:#edecec;border:0px solid transparent;padding: 25px 25px 5px 25px;background-position:left top;background-repeat:no-repeat;-webkit-background-size:cover;-moz-background-size:cover;-o-background-size:cover;background-size:cover;\"   data-bg-url=\"\">\n\t\t\t\t\t\t<div class=\"fusion-text\"><p><img loading=\"lazy\" decoding=\"async\" class=\"alignnone wp-image-1184 aligncenter\" src=\"http:\/\/foerderverein-dorfschule.de\/2019\/wp-content\/uploads\/2019\/05\/wippe.jpg\" alt=\"\" width=\"301\" height=\"200\" srcset=\"http:\/\/foerderverein-dorfschule.de\/2019\/wp-content\/uploads\/2019\/05\/wippe-200x133.jpg 200w, http:\/\/foerderverein-dorfschule.de\/2019\/wp-content\/uploads\/2019\/05\/wippe-300x199.jpg 300w, http:\/\/foerderverein-dorfschule.de\/2019\/wp-content\/uploads\/2019\/05\/wippe-400x266.jpg 400w, http:\/\/foerderverein-dorfschule.de\/2019\/wp-content\/uploads\/2019\/05\/wippe.jpg 500w\" sizes=\"(max-width: 301px) 100vw, 301px\" \/><\/p>\n<p style=\"text-align: center;\"><strong>Wippe<\/strong><\/p>\n<\/div><div class=\"fusion-clearfix\"><\/div>\n\n\t\t\t\t\t<\/div>\n\t\t\t\t<\/div><div  class=\"fusion-layout-column fusion_builder_column fusion_builder_column_1_3 fusion-builder-column-16 fusion-one-third fusion-column-first 1_3\"  style='margin-top:0px;margin-bottom:20px;width:30.6666%; margin-right: 4%;'>\n\t\t\t\t\t<div class=\"fusion-column-wrapper\" style=\"background-color:#edecec;border:0px solid transparent;padding: 25px 25px 5px 25px;background-position:left top;background-repeat:no-repeat;-webkit-background-size:cover;-moz-background-size:cover;-o-background-size:cover;background-size:cover;\"   data-bg-url=\"\">\n\t\t\t\t\t\t<div class=\"fusion-text\"><p><img loading=\"lazy\" decoding=\"async\" class=\"alignnone wp-image-1185 aligncenter\" src=\"http:\/\/foerderverein-dorfschule.de\/2019\/wp-content\/uploads\/2019\/05\/xylophon.jpg\" alt=\"\" width=\"240\" height=\"200\" srcset=\"http:\/\/foerderverein-dorfschule.de\/2019\/wp-content\/uploads\/2019\/05\/xylophon-200x167.jpg 200w, http:\/\/foerderverein-dorfschule.de\/2019\/wp-content\/uploads\/2019\/05\/xylophon-300x250.jpg 300w, http:\/\/foerderverein-dorfschule.de\/2019\/wp-content\/uploads\/2019\/05\/xylophon-400x333.jpg 400w, http:\/\/foerderverein-dorfschule.de\/2019\/wp-content\/uploads\/2019\/05\/xylophon.jpg 600w\" sizes=\"(max-width: 240px) 100vw, 240px\" \/><\/p>\n<p style=\"text-align: center;\"><strong>Xylophon<\/strong><\/p>\n<\/div><div class=\"fusion-clearfix\"><\/div>\n\n\t\t\t\t\t<\/div>\n\t\t\t\t<\/div><\/div><\/div><\/p>\n","protected":false},"excerpt":{"rendered":"","protected":false},"author":1,"featured_media":0,"parent":0,"menu_order":0,"comment_status":"open","ping_status":"open","template":"100-width.php","meta":{"footnotes":""},"class_list":["post-12","page","type-page","status-publish","hentry"],"_links":{"self":[{"href":"http:\/\/foerderverein-dorfschule.de\/2019\/index.php?rest_route=\/wp\/v2\/pages\/12"}],"collection":[{"href":"http:\/\/foerderverein-dorfschule.de\/2019\/index.php?rest_route=\/wp\/v2\/pages"}],"about":[{"href":"http:\/\/foerderverein-dorfschule.de\/2019\/index.php?rest_route=\/wp\/v2\/types\/page"}],"author":[{"embeddable":true,"href":"http:\/\/foerderverein-dorfschule.de\/2019\/index.php?rest_route=\/wp\/v2\/users\/1"}],"replies":[{"embeddable":true,"href":"http:\/\/foerderverein-dorfschule.de\/2019\/index.php?rest_route=%2Fwp%2Fv2%2Fcomments&post=12"}],"version-history":[{"count":21,"href":"http:\/\/foerderverein-dorfschule.de\/2019\/index.php?rest_route=\/wp\/v2\/pages\/12\/revisions"}],"predecessor-version":[{"id":1227,"href":"http:\/\/foerderverein-dorfschule.de\/2019\/index.php?rest_route=\/wp\/v2\/pages\/12\/revisions\/1227"}],"wp:attachment":[{"href":"http:\/\/foerderverein-dorfschule.de\/2019\/index.php?rest_route=%2Fwp%2Fv2%2Fmedia&parent=12"}],"curies":[{"name":"wp","href":"https:\/\/api.w.org\/{rel}","templated":true}]}}